{"id":9,"date":"2025-02-06T17:27:53","date_gmt":"2025-02-06T20:27:53","guid":{"rendered":"https:\/\/revistanetwork.com.br\/?page_id=9"},"modified":"2025-12-08T12:05:50","modified_gmt":"2025-12-08T15:05:50","slug":"inicio","status":"publish","type":"page","link":"https:\/\/revistanetwork.com.br\/","title":{"rendered":"In\u00edcio"},"content":{"rendered":"\t\t<div data-elementor-type=\"wp-page\" data-elementor-id=\"9\" class=\"elementor elementor-9\" data-elementor-post-type=\"page\">\n\t\t\t\t<div class=\"elementor-element elementor-element-fe1d509 e-flex e-con-boxed e-con e-parent\" data-id=\"fe1d509\" data-element_type=\"container\">\n\t\t\t\t\t<div class=\"e-con-inner\">\n\t\t\t\t<div class=\"elementor-element elementor-element-a4940f4 elementor-widget__width-initial elementor-widget elementor-widget-image\" data-id=\"a4940f4\" data-element_type=\"widget\" data-widget_type=\"image.default\">\n\t\t\t\t<div class=\"elementor-widget-container\">\n\t\t\t\t\t\t\t\t\t\t\t\t\t\t\t<img decoding=\"async\" width=\"351\" height=\"70\" src=\"https:\/\/revistanetwork.com.br\/wp-content\/uploads\/2025\/02\/logo-revista-network-1.png\" class=\"attachment-full size-full wp-image-12\" alt=\"\" srcset=\"https:\/\/revistanetwork.com.br\/wp-content\/uploads\/2025\/02\/logo-revista-network-1.png 351w, https:\/\/revistanetwork.com.br\/wp-content\/uploads\/2025\/02\/logo-revista-network-1-300x60.png 300w\" sizes=\"(max-width: 351px) 100vw, 351px\" \/>\t\t\t\t\t\t\t\t\t\t\t\t\t\t\t<\/div>\n\t\t\t\t<\/div>\n\t\t<div class=\"elementor-element elementor-element-a24ef24 e-con-full e-flex e-con e-child\" data-id=\"a24ef24\" data-element_type=\"container\">\n\t\t\t\t<div class=\"elementor-element elementor-element-ae01708 elementor-widget elementor-widget-text-editor\" data-id=\"ae01708\" data-element_type=\"widget\" data-widget_type=\"text-editor.default\">\n\t\t\t\t<div class=\"elementor-widget-container\">\n\t\t\t\t\t\t\t\t\tA Revista Network \u00e9 a vitrine do Empreendedorismo Nacional. Em suas p\u00e1ginas encontramos preciosos legados e hist\u00f3rias Inspiradoras de quem \u00e9 exemplo a ser seguido, descortinando sua trajet\u00f3ria vitoriosa de vida, quem \u00e9 sucesso est\u00e1 na Network.\n\nVe\u00edculo Oficial de comunica\u00e7\u00e3o dos Membros da Academia Brasileira de Honrarias ao M\u00e9rito e da ABRID Associa\u00e7\u00e3o Brasileira da Influ\u00eancia Digital\t\t\t\t\t\t\t\t<\/div>\n\t\t\t\t<\/div>\n\t\t\t\t<\/div>\n\t\t\t\t\t<\/div>\n\t\t\t\t<\/div>\n\t\t<div class=\"elementor-element elementor-element-0111ee8 e-flex e-con-boxed e-con e-parent\" data-id=\"0111ee8\" data-element_type=\"container\">\n\t\t\t\t\t<div class=\"e-con-inner\">\n\t\t<div class=\"elementor-element elementor-element-c066a11 e-con-full e-flex e-con e-child\" data-id=\"c066a11\" data-element_type=\"container\">\n\t\t\t\t<div class=\"elementor-element elementor-element-8cb2631 elementor-widget elementor-widget-shortcode\" data-id=\"8cb2631\" data-element_type=\"widget\" data-widget_type=\"shortcode.default\">\n\t\t\t\t<div class=\"elementor-widget-container\">\n\t\t\t\t\t\t\t<div class=\"elementor-shortcode\"><div class=\"_df_thumb \" id=\"df_169\"  _slug=\"169\" data-title=\"influencia-digital-2025\" wpoptions=\"true\" thumb=\"https:\/\/revistanetwork.com.br\/wp-content\/uploads\/2025\/12\/capa-revista-network-influencia-digital-dez-2025-scaled.png\" thumbtype=\"\" >Influ\u00eancia Digital 2025<\/div><script class=\"df-shortcode-script\" nowprocket type=\"application\/javascript\">window.option_df_169 = {\"outline\":[],\"autoEnableOutline\":\"false\",\"autoEnableThumbnail\":\"false\",\"overwritePDFOutline\":\"false\",\"direction\":\"1\",\"pageSize\":\"0\",\"source\":\"https:\\\/\\\/revistanetwork.com.br\\\/wp-content\\\/uploads\\\/2025\\\/12\\\/revista-network-dez-2025-digital-roberto-marinho-V2.pdf\",\"wpOptions\":\"true\"}; if(window.DFLIP && window.DFLIP.parseBooks){window.DFLIP.parseBooks();}<\/script><\/div>\n\t\t\t\t\t\t<\/div>\n\t\t\t\t<\/div>\n\t\t\t\t<\/div>\n\t\t<div class=\"elementor-element elementor-element-508fff9 e-con-full e-flex e-con e-child\" data-id=\"508fff9\" data-element_type=\"container\">\n\t\t\t\t<div class=\"elementor-element elementor-element-f423ad1 elementor-widget elementor-widget-shortcode\" data-id=\"f423ad1\" data-element_type=\"widget\" data-widget_type=\"shortcode.default\">\n\t\t\t\t<div class=\"elementor-widget-container\">\n\t\t\t\t\t\t\t<div class=\"elementor-shortcode\"><div class=\"_df_thumb \" id=\"df_174\"  _slug=\"ordem-da-rosa-2025\" data-title=\"ordem-da-rosa-2025\" wpoptions=\"true\" thumb=\"https:\/\/revistanetwork.com.br\/wp-content\/uploads\/2025\/12\/capa-revista-network-ordem-da-rosa-2025-scaled.png\" thumbtype=\"\" >Ordem da Rosa 2025<\/div><script class=\"df-shortcode-script\" nowprocket type=\"application\/javascript\">window.option_df_174 = {\"outline\":[],\"autoEnableOutline\":\"false\",\"autoEnableThumbnail\":\"false\",\"overwritePDFOutline\":\"false\",\"direction\":\"1\",\"pageSize\":\"0\",\"source\":\"https:\\\/\\\/revistanetwork.com.br\\\/wp-content\\\/uploads\\\/2025\\\/12\\\/revista-network-dez-2025-digital-Ordem-da-Rosa.pdf\",\"wpOptions\":\"true\"}; if(window.DFLIP && window.DFLIP.parseBooks){window.DFLIP.parseBooks();}<\/script><\/div>\n\t\t\t\t\t\t<\/div>\n\t\t\t\t<\/div>\n\t\t\t\t<\/div>\n\t\t<div class=\"elementor-element elementor-element-cbe3e14 e-con-full e-flex e-con e-child\" data-id=\"cbe3e14\" data-element_type=\"container\">\n\t\t\t\t<div class=\"elementor-element elementor-element-b15cc01 elementor-widget elementor-widget-shortcode\" data-id=\"b15cc01\" data-element_type=\"widget\" data-widget_type=\"shortcode.default\">\n\t\t\t\t<div class=\"elementor-widget-container\">\n\t\t\t\t\t\t\t<div class=\"elementor-shortcode\"><div class=\"_df_thumb \" id=\"df_139\"  _slug=\"lideres-do-brasil-set-2025\" data-title=\"lideres-do-brasil-set-2025\" wpoptions=\"true\" thumb=\"https:\/\/revistanetwork.com.br\/wp-content\/uploads\/2025\/09\/capa-revista-network-digital-set-2025-lideres-do-brasil-v2.jpg\" thumbtype=\"\" >Lideres do Brasil &#8211; SET\/2025<\/div><script class=\"df-shortcode-script\" nowprocket type=\"application\/javascript\">window.option_df_139 = {\"outline\":[],\"autoEnableOutline\":\"false\",\"autoEnableThumbnail\":\"false\",\"overwritePDFOutline\":\"false\",\"direction\":\"1\",\"pageSize\":\"0\",\"source\":\"https:\\\/\\\/revistanetwork.com.br\\\/wp-content\\\/uploads\\\/2025\\\/09\\\/revista-network-digital-set-2025-lideres-do-brasil-v3_compressed.pdf\",\"wpOptions\":\"true\"}; if(window.DFLIP && window.DFLIP.parseBooks){window.DFLIP.parseBooks();}<\/script><\/div>\n\t\t\t\t\t\t<\/div>\n\t\t\t\t<\/div>\n\t\t\t\t<\/div>\n\t\t<div class=\"elementor-element elementor-element-7cd86cf e-con-full e-flex e-con e-child\" data-id=\"7cd86cf\" data-element_type=\"container\">\n\t\t\t\t<div class=\"elementor-element elementor-element-732e105 elementor-widget elementor-widget-shortcode\" data-id=\"732e105\" data-element_type=\"widget\" data-widget_type=\"shortcode.default\">\n\t\t\t\t<div class=\"elementor-widget-container\">\n\t\t\t\t\t\t\t<div class=\"elementor-shortcode\"><div class=\"_df_thumb \" id=\"df_144\"  _slug=\"momento-historico-set-2025\" data-title=\"nacoes-irmas-set-2025\" wpoptions=\"true\" thumb=\"https:\/\/revistanetwork.com.br\/wp-content\/uploads\/2025\/09\/capa-revista-network-digital-momento-historico-set-2025.jpg\" thumbtype=\"\" >Na\u00e7\u00f5es Irm\u00e3s &#8211; SET\/2025<\/div><script class=\"df-shortcode-script\" nowprocket type=\"application\/javascript\">window.option_df_144 = {\"outline\":[],\"autoEnableOutline\":\"false\",\"autoEnableThumbnail\":\"false\",\"overwritePDFOutline\":\"false\",\"direction\":\"1\",\"pageSize\":\"0\",\"source\":\"https:\\\/\\\/revistanetwork.com.br\\\/wp-content\\\/uploads\\\/2025\\\/09\\\/revista-network-digital-set-2025-nacoes-irmas-v2.pdf\",\"wpOptions\":\"true\"}; if(window.DFLIP && window.DFLIP.parseBooks){window.DFLIP.parseBooks();}<\/script><\/div>\n\t\t\t\t\t\t<\/div>\n\t\t\t\t<\/div>\n\t\t\t\t<\/div>\n\t\t<div class=\"elementor-element elementor-element-b46750e e-con-full e-flex e-con e-child\" data-id=\"b46750e\" data-element_type=\"container\">\n\t\t\t\t<div class=\"elementor-element elementor-element-8a5a6ef elementor-widget elementor-widget-shortcode\" data-id=\"8a5a6ef\" data-element_type=\"widget\" data-widget_type=\"shortcode.default\">\n\t\t\t\t<div class=\"elementor-widget-container\">\n\t\t\t\t\t\t\t<div class=\"elementor-shortcode\"><div class=\"_df_thumb \" id=\"df_117\"  _slug=\"momento-historico-2025\" data-title=\"momento-historico-2025\" wpoptions=\"true\" thumb=\"https:\/\/revistanetwork.com.br\/wp-content\/uploads\/2025\/03\/revista-network-2025-FINAL-Digital-CAPA-REI-PELE.jpg\" thumbtype=\"\" >Momento Hist\u00f3rico 2025<\/div><script class=\"df-shortcode-script\" nowprocket type=\"application\/javascript\">window.option_df_117 = {\"outline\":[],\"autoEnableOutline\":\"false\",\"autoEnableThumbnail\":\"false\",\"overwritePDFOutline\":\"false\",\"direction\":\"1\",\"pageSize\":\"0\",\"source\":\"https:\\\/\\\/revistanetwork.com.br\\\/wp-content\\\/uploads\\\/2025\\\/03\\\/revista-network-2025-FINAL-Digital-CAPA-REI-PELE-OK.pdf\",\"wpOptions\":\"true\"}; if(window.DFLIP && window.DFLIP.parseBooks){window.DFLIP.parseBooks();}<\/script><\/div>\n\t\t\t\t\t\t<\/div>\n\t\t\t\t<\/div>\n\t\t\t\t<\/div>\n\t\t<div class=\"elementor-element elementor-element-567e340 e-con-full e-flex e-con e-child\" data-id=\"567e340\" data-element_type=\"container\">\n\t\t\t\t<div class=\"elementor-element elementor-element-d1cd14d elementor-widget elementor-widget-shortcode\" data-id=\"d1cd14d\" data-element_type=\"widget\" data-widget_type=\"shortcode.default\">\n\t\t\t\t<div class=\"elementor-widget-container\">\n\t\t\t\t\t\t\t<div class=\"elementor-shortcode\"><div class=\"_df_thumb \" id=\"df_110\"  _slug=\"retrospectiva-2024\" data-title=\"retrospectiva-2024\" wpoptions=\"true\" thumb=\"https:\/\/revistanetwork.com.br\/wp-content\/uploads\/2025\/03\/revista-network-2025-FINAL-Digital-CAPA-IDE.jpg\" thumbtype=\"\" >Retrospectiva 2024<\/div><script class=\"df-shortcode-script\" nowprocket type=\"application\/javascript\">window.option_df_110 = {\"outline\":[],\"autoEnableOutline\":\"false\",\"autoEnableThumbnail\":\"false\",\"overwritePDFOutline\":\"false\",\"direction\":\"1\",\"pageSize\":\"0\",\"source\":\"https:\\\/\\\/revistanetwork.com.br\\\/wp-content\\\/uploads\\\/2025\\\/03\\\/revista-network-2025-FINAL-Digital-CAPA-IDE.pdf\",\"wpOptions\":\"true\"}; if(window.DFLIP && window.DFLIP.parseBooks){window.DFLIP.parseBooks();}<\/script><\/div>\n\t\t\t\t\t\t<\/div>\n\t\t\t\t<\/div>\n\t\t\t\t<\/div>\n\t\t<div class=\"elementor-element elementor-element-89e94e8 e-con-full e-flex e-con e-child\" data-id=\"89e94e8\" data-element_type=\"container\">\n\t\t\t\t<div class=\"elementor-element elementor-element-35a0f20 elementor-widget elementor-widget-shortcode\" data-id=\"35a0f20\" data-element_type=\"widget\" data-widget_type=\"shortcode.default\">\n\t\t\t\t<div class=\"elementor-widget-container\">\n\t\t\t\t\t\t\t<div class=\"elementor-shortcode\"><div class=\"_df_thumb \" id=\"df_98\"  _slug=\"personalidade-man\" data-title=\"personalidade-man-junho-2024\" wpoptions=\"true\" thumb=\"https:\/\/revistanetwork.com.br\/wp-content\/uploads\/2025\/02\/revista-network-202486.jpg\" thumbtype=\"\" >Personalidade Man Junho 2024<\/div><script class=\"df-shortcode-script\" nowprocket type=\"application\/javascript\">window.option_df_98 = {\"outline\":[],\"autoEnableOutline\":\"false\",\"autoEnableThumbnail\":\"false\",\"overwritePDFOutline\":\"false\",\"direction\":\"1\",\"pageSize\":\"0\",\"source\":\"https:\\\/\\\/revistanetwork.com.br\\\/wp-content\\\/uploads\\\/2025\\\/02\\\/revista-network-personalidade-man-2024.pdf\",\"wpOptions\":\"true\"}; if(window.DFLIP && window.DFLIP.parseBooks){window.DFLIP.parseBooks();}<\/script><\/div>\n\t\t\t\t\t\t<\/div>\n\t\t\t\t<\/div>\n\t\t\t\t<\/div>\n\t\t<div class=\"elementor-element elementor-element-0aae0a6 e-con-full e-flex e-con e-child\" data-id=\"0aae0a6\" data-element_type=\"container\">\n\t\t\t\t<div class=\"elementor-element elementor-element-89686f8 elementor-widget elementor-widget-shortcode\" data-id=\"89686f8\" data-element_type=\"widget\" data-widget_type=\"shortcode.default\">\n\t\t\t\t<div class=\"elementor-widget-container\">\n\t\t\t\t\t\t\t<div class=\"elementor-shortcode\"><div class=\"_df_thumb \" id=\"df_89\"  _slug=\"personalidade-woman-junho-2024\" data-title=\"personalidade-woman-junho-2024\" wpoptions=\"true\" thumb=\"https:\/\/revistanetwork.com.br\/wp-content\/uploads\/2025\/02\/revista-network-2024.jpg\" thumbtype=\"\" >Personalidade Woman Junho 2024<\/div><script class=\"df-shortcode-script\" nowprocket type=\"application\/javascript\">window.option_df_89 = {\"outline\":[],\"autoEnableOutline\":\"false\",\"autoEnableThumbnail\":\"false\",\"overwritePDFOutline\":\"false\",\"direction\":\"1\",\"pageSize\":\"0\",\"source\":\"https:\\\/\\\/revistanetwork.com.br\\\/wp-content\\\/uploads\\\/2025\\\/02\\\/revista-network-personalidade-woman-2024.pdf\",\"wpOptions\":\"true\"}; if(window.DFLIP && window.DFLIP.parseBooks){window.DFLIP.parseBooks();}<\/script><\/div>\n\t\t\t\t\t\t<\/div>\n\t\t\t\t<\/div>\n\t\t\t\t<\/div>\n\t\t<div class=\"elementor-element elementor-element-d633b4f e-con-full e-flex e-con e-child\" data-id=\"d633b4f\" data-element_type=\"container\">\n\t\t\t\t<div class=\"elementor-element elementor-element-c5d7432 elementor-widget elementor-widget-shortcode\" data-id=\"c5d7432\" data-element_type=\"widget\" data-widget_type=\"shortcode.default\">\n\t\t\t\t<div class=\"elementor-widget-container\">\n\t\t\t\t\t\t\t<div class=\"elementor-shortcode\"><div class=\"_df_thumb \" id=\"df_80\"  _slug=\"junho-2021\" data-title=\"junho-2021\" wpoptions=\"true\" thumb=\"https:\/\/revistanetwork.com.br\/wp-content\/uploads\/2025\/02\/revista-network0507_page-0001.jpg\" thumbtype=\"\" >Junho 2021<\/div><script class=\"df-shortcode-script\" nowprocket type=\"application\/javascript\">window.option_df_80 = {\"outline\":[],\"autoEnableOutline\":\"false\",\"autoEnableThumbnail\":\"false\",\"overwritePDFOutline\":\"false\",\"direction\":\"1\",\"pageSize\":\"0\",\"source\":\"https:\\\/\\\/revistanetwork.com.br\\\/wp-content\\\/uploads\\\/2025\\\/02\\\/revista-network-2021-valor-china.pdf\",\"wpOptions\":\"true\"}; if(window.DFLIP && window.DFLIP.parseBooks){window.DFLIP.parseBooks();}<\/script><\/div>\n\t\t\t\t\t\t<\/div>\n\t\t\t\t<\/div>\n\t\t\t\t<\/div>\n\t\t<div class=\"elementor-element elementor-element-7e75753 e-con-full e-flex e-con e-child\" data-id=\"7e75753\" data-element_type=\"container\">\n\t\t\t\t<div class=\"elementor-element elementor-element-297b4fe elementor-widget elementor-widget-shortcode\" data-id=\"297b4fe\" data-element_type=\"widget\" data-widget_type=\"shortcode.default\">\n\t\t\t\t<div class=\"elementor-widget-container\">\n\t\t\t\t\t\t\t<div class=\"elementor-shortcode\"><div class=\"_df_thumb \" id=\"df_84\"  _slug=\"as-licoes-da-pandemia-junho-2021\" data-title=\"as-licoes-da-pandemia-junho-2021\" wpoptions=\"true\" thumb=\"https:\/\/revistanetwork.com.br\/wp-content\/uploads\/2025\/02\/revista-network0507_page-0080-rotated.jpg\" thumbtype=\"\" >As Li\u00e7\u00f5es da Pandemia &#8211; Junho 2021<\/div><script class=\"df-shortcode-script\" nowprocket type=\"application\/javascript\">window.option_df_84 = {\"outline\":[],\"autoEnableOutline\":\"false\",\"autoEnableThumbnail\":\"false\",\"overwritePDFOutline\":\"false\",\"direction\":\"1\",\"pageSize\":\"0\",\"source\":\"https:\\\/\\\/revistanetwork.com.br\\\/wp-content\\\/uploads\\\/2025\\\/02\\\/revista-network-2021-licoes-pandemia.pdf\",\"wpOptions\":\"true\"}; if(window.DFLIP && window.DFLIP.parseBooks){window.DFLIP.parseBooks();}<\/script><\/div>\n\t\t\t\t\t\t<\/div>\n\t\t\t\t<\/div>\n\t\t\t\t<\/div>\n\t\t<div class=\"elementor-element elementor-element-f37ec3a e-con-full e-flex e-con e-child\" data-id=\"f37ec3a\" data-element_type=\"container\">\n\t\t\t\t<div class=\"elementor-element elementor-element-4ee032b elementor-widget elementor-widget-shortcode\" data-id=\"4ee032b\" data-element_type=\"widget\" data-widget_type=\"shortcode.default\">\n\t\t\t\t<div class=\"elementor-widget-container\">\n\t\t\t\t\t\t\t<div class=\"elementor-shortcode\"><div class=\"_df_thumb \" id=\"df_72\"  _slug=\"dezembro-2018\" data-title=\"dezembro-2018\" wpoptions=\"true\" thumb=\"https:\/\/revistanetwork.com.br\/wp-content\/uploads\/2025\/02\/final-v2-revista-network-dez.jpg\" thumbtype=\"\" >Dezembro 2018<\/div><script class=\"df-shortcode-script\" nowprocket type=\"application\/javascript\">window.option_df_72 = {\"outline\":[],\"autoEnableOutline\":\"false\",\"autoEnableThumbnail\":\"false\",\"overwritePDFOutline\":\"false\",\"direction\":\"1\",\"pageSize\":\"0\",\"source\":\"https:\\\/\\\/revistanetwork.com.br\\\/wp-content\\\/uploads\\\/2025\\\/02\\\/revista-network-dez-18.pdf\",\"wpOptions\":\"true\"}; if(window.DFLIP && window.DFLIP.parseBooks){window.DFLIP.parseBooks();}<\/script><\/div>\n\t\t\t\t\t\t<\/div>\n\t\t\t\t<\/div>\n\t\t\t\t<\/div>\n\t\t<div class=\"elementor-element elementor-element-1527ba1 e-con-full e-flex e-con e-child\" data-id=\"1527ba1\" data-element_type=\"container\">\n\t\t\t\t<div class=\"elementor-element elementor-element-c50bd41 elementor-widget elementor-widget-shortcode\" data-id=\"c50bd41\" data-element_type=\"widget\" data-widget_type=\"shortcode.default\">\n\t\t\t\t<div class=\"elementor-widget-container\">\n\t\t\t\t\t\t\t<div class=\"elementor-shortcode\"><div class=\"_df_thumb \" id=\"df_68\"  _slug=\"doc-historico-dezembro-2018\" data-title=\"doc-historico-dezembro-2018\" wpoptions=\"true\" thumb=\"https:\/\/revistanetwork.com.br\/wp-content\/uploads\/2025\/02\/final-v2-revista-network-dez80-rotated.jpg\" thumbtype=\"\" >Doc. Hist\u00f3rico &#8211; Dezembro 2018<\/div><script class=\"df-shortcode-script\" nowprocket type=\"application\/javascript\">window.option_df_68 = {\"outline\":[],\"autoEnableOutline\":\"false\",\"autoEnableThumbnail\":\"false\",\"overwritePDFOutline\":\"false\",\"direction\":\"1\",\"pageSize\":\"0\",\"source\":\"https:\\\/\\\/revistanetwork.com.br\\\/wp-content\\\/uploads\\\/2025\\\/02\\\/revista-network-doc-historico-dez-2018.pdf\",\"wpOptions\":\"true\"}; if(window.DFLIP && window.DFLIP.parseBooks){window.DFLIP.parseBooks();}<\/script><\/div>\n\t\t\t\t\t\t<\/div>\n\t\t\t\t<\/div>\n\t\t\t\t<\/div>\n\t\t<div class=\"elementor-element elementor-element-6faac76 e-con-full e-flex e-con e-child\" data-id=\"6faac76\" data-element_type=\"container\">\n\t\t\t\t<div class=\"elementor-element elementor-element-9aa7da6 elementor-widget elementor-widget-shortcode\" data-id=\"9aa7da6\" data-element_type=\"widget\" data-widget_type=\"shortcode.default\">\n\t\t\t\t<div class=\"elementor-widget-container\">\n\t\t\t\t\t\t\t<div class=\"elementor-shortcode\"><div class=\"_df_thumb \" id=\"df_57\"  _slug=\"julho-2018\" data-title=\"julho-2018\" wpoptions=\"true\" thumb=\"https:\/\/revistanetwork.com.br\/wp-content\/uploads\/2025\/02\/revista-network-jul-18-final.jpg\" thumbtype=\"\" >Julho 2018<\/div><script class=\"df-shortcode-script\" nowprocket type=\"application\/javascript\">window.option_df_57 = {\"outline\":[],\"autoEnableOutline\":\"false\",\"autoEnableThumbnail\":\"false\",\"overwritePDFOutline\":\"false\",\"direction\":\"1\",\"pageSize\":\"0\",\"source\":\"https:\\\/\\\/revistanetwork.com.br\\\/wp-content\\\/uploads\\\/2025\\\/02\\\/revista-network-jul-18-final.pdf\",\"wpOptions\":\"true\"}; if(window.DFLIP && window.DFLIP.parseBooks){window.DFLIP.parseBooks();}<\/script><\/div>\n\t\t\t\t\t\t<\/div>\n\t\t\t\t<\/div>\n\t\t\t\t<\/div>\n\t\t<div class=\"elementor-element elementor-element-19128c5 e-con-full e-flex e-con e-child\" data-id=\"19128c5\" data-element_type=\"container\">\n\t\t\t\t<div class=\"elementor-element elementor-element-44cbbc0 elementor-widget elementor-widget-shortcode\" data-id=\"44cbbc0\" data-element_type=\"widget\" data-widget_type=\"shortcode.default\">\n\t\t\t\t<div class=\"elementor-widget-container\">\n\t\t\t\t\t\t\t<div class=\"elementor-shortcode\"><div class=\"_df_thumb \" id=\"df_61\"  _slug=\"tecnologia-julho-2018\" data-title=\"tecnologia-julho-2018\" wpoptions=\"true\" thumb=\"https:\/\/revistanetwork.com.br\/wp-content\/uploads\/2025\/02\/revista-network-tec-jul-18-1.jpg\" thumbtype=\"\" >Tecnologia Julho 2018<\/div><script class=\"df-shortcode-script\" nowprocket type=\"application\/javascript\">window.option_df_61 = {\"outline\":[],\"autoEnableOutline\":\"false\",\"autoEnableThumbnail\":\"false\",\"overwritePDFOutline\":\"false\",\"direction\":\"1\",\"pageSize\":\"0\",\"source\":\"https:\\\/\\\/revistanetwork.com.br\\\/wp-content\\\/uploads\\\/2025\\\/02\\\/rev-network-tecnologia-jul-18.pdf\",\"wpOptions\":\"true\"}; if(window.DFLIP && window.DFLIP.parseBooks){window.DFLIP.parseBooks();}<\/script><\/div>\n\t\t\t\t\t\t<\/div>\n\t\t\t\t<\/div>\n\t\t\t\t<\/div>\n\t\t<div class=\"elementor-element elementor-element-e265f92 e-con-full e-flex e-con e-child\" data-id=\"e265f92\" data-element_type=\"container\">\n\t\t\t\t<div class=\"elementor-element elementor-element-826b781 elementor-widget elementor-widget-shortcode\" data-id=\"826b781\" data-element_type=\"widget\" data-widget_type=\"shortcode.default\">\n\t\t\t\t<div class=\"elementor-widget-container\">\n\t\t\t\t\t\t\t<div class=\"elementor-shortcode\"><div class=\"_df_thumb \" id=\"df_21\"  _slug=\"marco-2018\" data-title=\"abril-2018\" wpoptions=\"true\" thumb=\"https:\/\/revistanetwork.com.br\/wp-content\/uploads\/2025\/02\/revista-network-abr-2018-page-001-scaled.jpg\" thumbtype=\"\" >Abril 2018<\/div><script class=\"df-shortcode-script\" nowprocket type=\"application\/javascript\">window.option_df_21 = {\"outline\":[],\"autoEnableOutline\":\"false\",\"autoEnableThumbnail\":\"false\",\"overwritePDFOutline\":\"false\",\"direction\":\"1\",\"pageSize\":\"0\",\"source\":\"https:\\\/\\\/revistanetwork.com.br\\\/wp-content\\\/uploads\\\/2025\\\/02\\\/revista-network-abr-2018.pdf\",\"wpOptions\":\"true\"}; if(window.DFLIP && window.DFLIP.parseBooks){window.DFLIP.parseBooks();}<\/script><\/div>\n\t\t\t\t\t\t<\/div>\n\t\t\t\t<\/div>\n\t\t\t\t<\/div>\n\t\t<div class=\"elementor-element elementor-element-916f4e4 e-con-full e-flex e-con e-child\" data-id=\"916f4e4\" data-element_type=\"container\">\n\t\t\t\t<div class=\"elementor-element elementor-element-a717d18 elementor-widget elementor-widget-shortcode\" data-id=\"a717d18\" data-element_type=\"widget\" data-widget_type=\"shortcode.default\">\n\t\t\t\t<div class=\"elementor-widget-container\">\n\t\t\t\t\t\t\t<div class=\"elementor-shortcode\"><div class=\"_df_thumb \" id=\"df_45\"  _slug=\"tecnologia-abril-2018\" data-title=\"tecnologia-abril-2018\" wpoptions=\"true\" thumb=\"https:\/\/revistanetwork.com.br\/wp-content\/uploads\/2025\/02\/revista-network-tecnologia-abr-18-page-001.jpg\" thumbtype=\"\" >Tecnologia &#8211; Abril 2018<\/div><script class=\"df-shortcode-script\" nowprocket type=\"application\/javascript\">window.option_df_45 = {\"outline\":[],\"autoEnableOutline\":\"false\",\"autoEnableThumbnail\":\"false\",\"overwritePDFOutline\":\"false\",\"direction\":\"1\",\"pageSize\":\"0\",\"source\":\"https:\\\/\\\/revistanetwork.com.br\\\/wp-content\\\/uploads\\\/2025\\\/02\\\/revista-network-tecnologia-abr-18.pdf\",\"wpOptions\":\"true\"}; if(window.DFLIP && window.DFLIP.parseBooks){window.DFLIP.parseBooks();}<\/script><\/div>\n\t\t\t\t\t\t<\/div>\n\t\t\t\t<\/div>\n\t\t\t\t<\/div>\n\t\t\t\t\t<\/div>\n\t\t\t\t<\/div>\n\t\t<div class=\"elementor-element elementor-element-649a7c4 e-flex e-con-boxed e-con e-parent\" data-id=\"649a7c4\" data-element_type=\"container\">\n\t\t\t\t\t<div class=\"e-con-inner\">\n\t\t\t\t<div class=\"elementor-element elementor-element-663d002 elementor-widget elementor-widget-text-editor\" data-id=\"663d002\" data-element_type=\"widget\" data-widget_type=\"text-editor.default\">\n\t\t\t\t<div class=\"elementor-widget-container\">\n\t\t\t\t\t\t\t\t\t<p>Revista Network, 2025 \u00a9 Todos os Direitos Reservados.<\/p>\t\t\t\t\t\t\t\t<\/div>\n\t\t\t\t<\/div>\n\t\t\t\t<div class=\"elementor-element elementor-element-3c2f5e0 elementor-widget elementor-widget-text-editor\" data-id=\"3c2f5e0\" data-element_type=\"widget\" data-widget_type=\"text-editor.default\">\n\t\t\t\t<div class=\"elementor-widget-container\">\n\t\t\t\t\t\t\t\t\tFeito com \u2764 por <a href=\"https:\/\/agenciamidiacerta.com.br\" style=\"color: #333;\">Ag\u00eancia M\u00eddia Certa<\/a>\t\t\t\t\t\t\t\t<\/div>\n\t\t\t\t<\/div>\n\t\t\t\t\t<\/div>\n\t\t\t\t<\/div>\n\t\t\t\t<\/div>\n\t\t","protected":false},"excerpt":{"rendered":"<p>A Revista Network \u00e9 a vitrine do Empreendedorismo Nacional. Em suas p\u00e1ginas encontramos preciosos legados e hist\u00f3rias Inspiradoras de quem \u00e9 exemplo a ser seguido, descortinando sua trajet\u00f3ria vitoriosa de vida, quem \u00e9 sucesso est\u00e1 na Network. Ve\u00edculo Oficial de comunica\u00e7\u00e3o dos Membros da Academia Brasileira de Honrarias ao M\u00e9rito e da ABRID Associa\u00e7\u00e3o Brasileira [&hellip;]<\/p>\n","protected":false},"author":1,"featured_media":0,"parent":0,"menu_order":0,"comment_status":"closed","ping_status":"closed","template":"elementor_canvas","meta":{"footnotes":""},"class_list":["post-9","page","type-page","status-publish","hentry"],"_links":{"self":[{"href":"https:\/\/revistanetwork.com.br\/index.php?rest_route=\/wp\/v2\/pages\/9","targetHints":{"allow":["GET"]}}],"collection":[{"href":"https:\/\/revistanetwork.com.br\/index.php?rest_route=\/wp\/v2\/pages"}],"about":[{"href":"https:\/\/revistanetwork.com.br\/index.php?rest_route=\/wp\/v2\/types\/page"}],"author":[{"embeddable":true,"href":"https:\/\/revistanetwork.com.br\/index.php?rest_route=\/wp\/v2\/users\/1"}],"replies":[{"embeddable":true,"href":"https:\/\/revistanetwork.com.br\/index.php?rest_route=%2Fwp%2Fv2%2Fcomments&post=9"}],"version-history":[{"count":79,"href":"https:\/\/revistanetwork.com.br\/index.php?rest_route=\/wp\/v2\/pages\/9\/revisions"}],"predecessor-version":[{"id":181,"href":"https:\/\/revistanetwork.com.br\/index.php?rest_route=\/wp\/v2\/pages\/9\/revisions\/181"}],"wp:attachment":[{"href":"https:\/\/revistanetwork.com.br\/index.php?rest_route=%2Fwp%2Fv2%2Fmedia&parent=9"}],"curies":[{"name":"wp","href":"https:\/\/api.w.org\/{rel}","templated":true}]}}